{"id":215,"date":"2018-03-02T06:29:03","date_gmt":"2018-03-02T06:29:03","guid":{"rendered":"https:\/\/alceve.com\/?page_id=215"},"modified":"2019-04-02T12:33:02","modified_gmt":"2019-04-02T17:33:02","slug":"capacitaciones","status":"publish","type":"page","link":"https:\/\/alceve.com\/?page_id=215","title":{"rendered":"CAPACITACIONES"},"content":{"rendered":"\n[et_pb_section fb_built=\u00bb1&#8243; fullwidth=\u00bbon\u00bb _builder_version=\u00bb3.0.47&#8243;][et_pb_fullwidth_image src=\u00bbhttps:\/\/alceve.com\/wp-content\/uploads\/2018\/08\/CAPACITACIONES.jpg\u00bb _builder_version=\u00bb3.10.2&#8243;][\/et_pb_fullwidth_image][\/et_pb_section][et_pb_section fb_built=\u00bb1&#8243; admin_label=\u00bbProjects Section\u00bb _builder_version=\u00bb3.0.78&#8243; custom_margin=\u00bb|||\u00bb custom_padding=\u00bb0px||0||false|false\u00bb][et_pb_row custom_padding=\u00bb56px|0px|1px|0px|false|false\u00bb _builder_version=\u00bb3.19.1&#8243;][et_pb_column type=\u00bb4_4&#8243; _builder_version=\u00bb3.19.1&#8243;][et_pb_cta title=\u00bbCAPACITACIONES\u00bb _builder_version=\u00bb3.21.1&#8243; header_font=\u00bbMontserrat|700|||||||\u00bb header_text_align=\u00bbleft\u00bb header_text_color=\u00bb#353740&#8243; header_line_height=\u00bb1.5em\u00bb body_font=\u00bb||||||||\u00bb body_text_align=\u00bbcenter\u00bb body_font_size=\u00bb14px\u00bb body_font_size_last_edited=\u00bbon|desktop\u00bb body_line_height=\u00bb1.8em\u00bb use_background_color=\u00bboff\u00bb background_size=\u00bbinitial\u00bb background_position=\u00bbtop_left\u00bb background_repeat=\u00bbrepeat\u00bb custom_button=\u00bbon\u00bb button_text_color=\u00bb#747d88&#8243; button_border_width=\u00bb4px\u00bb button_border_color=\u00bb#747d88&#8243; button_border_radius=\u00bb100px\u00bb button_letter_spacing=\u00bb2px\u00bb button_font=\u00bbMontserrat|700||on|||||\u00bb button_icon=\u00bb%%36%%\u00bb button_icon_color=\u00bb#747d88&#8243; button_on_hover=\u00bboff\u00bb background_layout=\u00bblight\u00bb animation_style=\u00bbslide\u00bb animation_direction=\u00bbtop\u00bb animation_intensity_slide=\u00bb6%\u00bb button_bg_color_hover=\u00bbrgba(0,0,0,0)\u00bb button_text_size__hover_enabled=\u00bboff\u00bb button_one_text_size__hover_enabled=\u00bboff\u00bb button_two_text_size__hover_enabled=\u00bboff\u00bb button_text_color__hover_enabled=\u00bboff\u00bb button_one_text_color__hover_enabled=\u00bboff\u00bb button_two_text_color__hover_enabled=\u00bboff\u00bb button_border_width__hover_enabled=\u00bboff\u00bb button_one_border_width__hover_enabled=\u00bboff\u00bb button_two_border_width__hover_enabled=\u00bboff\u00bb button_border_color__hover_enabled=\u00bboff\u00bb button_one_border_color__hover_enabled=\u00bboff\u00bb button_two_border_color__hover_enabled=\u00bboff\u00bb button_border_radius__hover_enabled=\u00bboff\u00bb button_one_border_radius__hover_enabled=\u00bboff\u00bb button_two_border_radius__hover_enabled=\u00bboff\u00bb button_letter_spacing__hover_enabled=\u00bboff\u00bb button_one_letter_spacing__hover_enabled=\u00bboff\u00bb button_two_letter_spacing__hover_enabled=\u00bboff\u00bb button_bg_color__hover_enabled=\u00bbon\u00bb button_bg_color__hover=\u00bbrgba(0,0,0,0)\u00bb button_one_bg_color__hover_enabled=\u00bboff\u00bb button_two_bg_color__hover_enabled=\u00bboff\u00bb]<p style=\"text-align: left;\">Dicta capacitaciones en forma personalizada y grupal en modalidades:<\/p>\n<ul>\n<li style=\"text-align: left;\">Presencial<\/li>\n<li style=\"text-align: left;\">On Line<\/li>\n<\/ul>[\/et_pb_cta][\/et_pb_column][\/et_pb_row][et_pb_row custom_padding=\u00bb30px|0px|25px|0px|false|false\u00bb _builder_version=\u00bb3.19.1&#8243;][et_pb_column type=\u00bb2_5&#8243; _builder_version=\u00bb3.19.1&#8243;][et_pb_text admin_label=\u00bbNumer\u00bb _builder_version=\u00bb3.21.1&#8243; text_font=\u00bbMontserrat|700|||||||\u00bb text_text_color=\u00bb#92cb6d\u00bb text_font_size=\u00bb80px\u00bb text_line_height=\u00bb1em\u00bb animation_style=\u00bbslide\u00bb animation_direction=\u00bbbottom\u00bb animation_intensity_slide=\u00bb20%\u00bb]<p>01<\/p>[\/et_pb_text][et_pb_cta title=\u00bbAdministrativo\u00bb _builder_version=\u00bb3.21.1&#8243; header_font=\u00bbMontserrat|700|||||||\u00bb header_text_color=\u00bb#353740&#8243; header_line_height=\u00bb1.5em\u00bb body_font=\u00bb||||||||\u00bb body_font_size=\u00bb14px\u00bb body_font_size_last_edited=\u00bbon|desktop\u00bb body_line_height=\u00bb1.8em\u00bb use_background_color=\u00bboff\u00bb background_size=\u00bbinitial\u00bb background_position=\u00bbtop_left\u00bb background_repeat=\u00bbrepeat\u00bb custom_button=\u00bbon\u00bb button_text_color=\u00bb#747d88&#8243; button_border_width=\u00bb4px\u00bb button_border_color=\u00bb#747d88&#8243; button_border_radius=\u00bb100px\u00bb button_letter_spacing=\u00bb2px\u00bb button_font=\u00bbMontserrat|700||on|||||\u00bb button_icon=\u00bb%%36%%\u00bb button_icon_color=\u00bb#747d88&#8243; button_on_hover=\u00bboff\u00bb text_orientation=\u00bbjustified\u00bb background_layout=\u00bblight\u00bb animation_style=\u00bbslide\u00bb animation_direction=\u00bbtop\u00bb animation_intensity_slide=\u00bb6%\u00bb button_bg_color_hover=\u00bbrgba(0,0,0,0)\u00bb button_text_size__hover_enabled=\u00bboff\u00bb button_one_text_size__hover_enabled=\u00bboff\u00bb button_two_text_size__hover_enabled=\u00bboff\u00bb button_text_color__hover_enabled=\u00bboff\u00bb button_one_text_color__hover_enabled=\u00bboff\u00bb button_two_text_color__hover_enabled=\u00bboff\u00bb button_border_width__hover_enabled=\u00bboff\u00bb button_one_border_width__hover_enabled=\u00bboff\u00bb button_two_border_width__hover_enabled=\u00bboff\u00bb button_border_color__hover_enabled=\u00bboff\u00bb button_one_border_color__hover_enabled=\u00bboff\u00bb button_two_border_color__hover_enabled=\u00bboff\u00bb button_border_radius__hover_enabled=\u00bboff\u00bb button_one_border_radius__hover_enabled=\u00bboff\u00bb button_two_border_radius__hover_enabled=\u00bboff\u00bb button_letter_spacing__hover_enabled=\u00bboff\u00bb button_one_letter_spacing__hover_enabled=\u00bboff\u00bb button_two_letter_spacing__hover_enabled=\u00bboff\u00bb button_bg_color__hover_enabled=\u00bbon\u00bb button_bg_color__hover=\u00bbrgba(0,0,0,0)\u00bb button_one_bg_color__hover_enabled=\u00bboff\u00bb button_two_bg_color__hover_enabled=\u00bboff\u00bb]<p>1. Coaching Empresarial<br \/> 2. Liderazgo<br \/> 3. Comportamiento Organizacional<br \/> 4. Estrategias de Ventas y Post Venta<br \/> 5. Servicio, Atenci\u00f3n al Cliente y Cobranzas<br \/> 6. Estrategias de Marketing a Productos y Servicios<br \/> 7. BPM Buenas Pr\u00e1cticas Manufactureras<br \/> 8. Log\u00edstica (Supply Chains)<br \/> 9. Plan de Negocios<br \/> 10. Herramientas Aplicables para la Optimizaci\u00f3n de los Negocios<\/p>[\/et_pb_cta][\/et_pb_column][et_pb_column type=\u00bb3_5&#8243; _builder_version=\u00bb3.19.1&#8243;][et_pb_image src=\u00bbhttps:\/\/alceve.com\/wp-content\/uploads\/2018\/06\/capacitacion1_principal.jpg\u00bb _builder_version=\u00bb3.8&#8243; max_width=\u00bb93%\u00bb module_alignment=\u00bbcenter\u00bb animation_style=\u00bbslide\u00bb animation_direction=\u00bbright\u00bb][\/et_pb_image][\/et_pb_column][\/et_pb_row][et_pb_row custom_padding=\u00bb2px|0px|60px|0px|false|false\u00bb _builder_version=\u00bb3.19.1&#8243;][et_pb_column type=\u00bb3_5&#8243; _builder_version=\u00bb3.19.1&#8243;][et_pb_image src=\u00bbhttps:\/\/alceve.com\/wp-content\/uploads\/2018\/07\/comercio-exterior.jpg\u00bb _builder_version=\u00bb3.10.2&#8243; max_width=\u00bb93%\u00bb module_alignment=\u00bbcenter\u00bb animation_style=\u00bbslide\u00bb animation_direction=\u00bbright\u00bb][\/et_pb_image][\/et_pb_column][et_pb_column type=\u00bb2_5&#8243; _builder_version=\u00bb3.19.1&#8243;][et_pb_text admin_label=\u00bbNumer\u00bb _builder_version=\u00bb3.21.1&#8243; text_font=\u00bbMontserrat|700|||||||\u00bb text_text_color=\u00bb#92cb6d\u00bb text_font_size=\u00bb80px\u00bb text_line_height=\u00bb1em\u00bb animation_style=\u00bbslide\u00bb animation_direction=\u00bbbottom\u00bb animation_intensity_slide=\u00bb20%\u00bb]<p>02<\/p>[\/et_pb_text][et_pb_cta title=\u00bbComercio Exterior\u00bb _builder_version=\u00bb3.21.1&#8243; header_font=\u00bbMontserrat|700|||||||\u00bb header_text_color=\u00bb#353740&#8243; header_line_height=\u00bb1.5em\u00bb body_font=\u00bb||||||||\u00bb body_font_size=\u00bb14px\u00bb body_font_size_last_edited=\u00bbon|phone\u00bb body_line_height=\u00bb1.8em\u00bb use_background_color=\u00bboff\u00bb background_size=\u00bbinitial\u00bb background_position=\u00bbtop_left\u00bb background_repeat=\u00bbrepeat\u00bb custom_button=\u00bbon\u00bb button_text_color=\u00bb#747d88&#8243; button_border_width=\u00bb4px\u00bb button_border_color=\u00bb#747d88&#8243; button_border_radius=\u00bb100px\u00bb button_letter_spacing=\u00bb2px\u00bb button_font=\u00bbMontserrat|700||on|||||\u00bb button_icon=\u00bb%%36%%\u00bb button_icon_color=\u00bb#747d88&#8243; button_on_hover=\u00bboff\u00bb text_orientation=\u00bbjustified\u00bb background_layout=\u00bblight\u00bb animation_style=\u00bbslide\u00bb animation_direction=\u00bbtop\u00bb animation_intensity_slide=\u00bb6%\u00bb button_bg_color_hover=\u00bbrgba(0,0,0,0)\u00bb button_text_size__hover_enabled=\u00bboff\u00bb button_one_text_size__hover_enabled=\u00bboff\u00bb button_two_text_size__hover_enabled=\u00bboff\u00bb button_text_color__hover_enabled=\u00bboff\u00bb button_one_text_color__hover_enabled=\u00bboff\u00bb button_two_text_color__hover_enabled=\u00bboff\u00bb button_border_width__hover_enabled=\u00bboff\u00bb button_one_border_width__hover_enabled=\u00bboff\u00bb button_two_border_width__hover_enabled=\u00bboff\u00bb button_border_color__hover_enabled=\u00bboff\u00bb button_one_border_color__hover_enabled=\u00bboff\u00bb button_two_border_color__hover_enabled=\u00bboff\u00bb button_border_radius__hover_enabled=\u00bboff\u00bb button_one_border_radius__hover_enabled=\u00bboff\u00bb button_two_border_radius__hover_enabled=\u00bboff\u00bb button_letter_spacing__hover_enabled=\u00bboff\u00bb button_one_letter_spacing__hover_enabled=\u00bboff\u00bb button_two_letter_spacing__hover_enabled=\u00bboff\u00bb button_bg_color__hover_enabled=\u00bbon\u00bb button_bg_color__hover=\u00bbrgba(0,0,0,0)\u00bb button_one_bg_color__hover_enabled=\u00bboff\u00bb button_two_bg_color__hover_enabled=\u00bboff\u00bb]<p>1. Nomenclatura Arancelaria, criterios y escritos<br \/> 2. Procesos &#8211; costeos de importaci\u00f3n y exportaci\u00f3n<br \/> 3. Documentos de comercio exterior<br \/> 4. Sistema ECUAPASS<br \/> 5. Valoraci\u00f3n Aduanera<br \/> 6. R\u00e9gimen Aduanero<br \/> 7. Planes de exportaci\u00f3n<br \/> 8. Planes de importaci\u00f3n<br \/> 9. Cl\u00faster de proveedores<br \/> 10. Herramientas Aplicables para la seguridad aduanera y log\u00edsticos<\/p>[\/et_pb_cta][\/et_pb_column][\/et_pb_row][\/et_pb_section][et_pb_section fb_built=\u00bb1&#8243; admin_label=\u00bbContact Form Section\u00bb _builder_version=\u00bb3.9&#8243; background_color=\u00bb#92cb6d\u00bb custom_padding=\u00bb0px||32px|\u00bb animation_direction=\u00bbbottom\u00bb saved_tabs=\u00bball\u00bb locked=\u00bboff\u00bb][et_pb_row custom_margin=\u00bb||40px|\u00bb admin_label=\u00bbService Section Title\u00bb _builder_version=\u00bb3.0.83&#8243; animation_style=\u00bbfade\u00bb animation_direction=\u00bbtop\u00bb locked=\u00bboff\u00bb][et_pb_column type=\u00bb4_4&#8243; _builder_version=\u00bb3.0.47&#8243;][et_pb_text admin_label=\u00bbTitle\u00bb _builder_version=\u00bb3.19.1&#8243; text_font=\u00bbMontserrat|700|||||||\u00bb text_text_color=\u00bb#ffffff\u00bb text_font_size=\u00bb38px\u00bb text_font_size_phone=\u00bb34px\u00bb text_font_size_last_edited=\u00bbon|phone\u00bb text_line_height=\u00bb1.9em\u00bb header_2_font=\u00bbMontserrat|700||on|||||\u00bb header_2_font_size=\u00bb42px\u00bb header_2_line_height=\u00bb1.3em\u00bb text_orientation=\u00bbcenter\u00bb max_width=\u00bb700px\u00bb module_alignment=\u00bbcenter\u00bb animation_style=\u00bbslide\u00bb animation_direction=\u00bbbottom\u00bb animation_intensity_slide=\u00bb4%\u00bb]<p>CONT\u00c1CTELO<\/p>[\/et_pb_text][et_pb_text admin_label=\u00bbSubtitle\u00bb _builder_version=\u00bb3.21.1&#8243; text_font=\u00bbMontserrat||||\u00bb text_text_color=\u00bb#353740&#8243; text_font_size=\u00bb16px\u00bb text_line_height=\u00bb1.8em\u00bb text_orientation=\u00bbcenter\u00bb max_width=\u00bb700px\u00bb module_alignment=\u00bbcenter\u00bb custom_margin=\u00bb|||\u00bb animation_style=\u00bbslide\u00bb animation_direction=\u00bbbottom\u00bb animation_delay=\u00bb100ms\u00bb animation_intensity_slide=\u00bb4%\u00bb]<p>Se comunicar\u00e1 con usted para resolver todas sus dudas e inquietudes<\/p>[\/et_pb_text][et_pb_contact_form captcha=\u00bboff\u00bb email=\u00bbacedeno@alceve.com\u00bb submit_button_text=\u00bbEnviar\u00bb form_background_color=\u00bbrgba(255,255,255,0)\u00bb module_id=\u00bbet_pb_contact_form_0&#8243; _builder_version=\u00bb3.21.1&#8243; title_font=\u00bb||||||||\u00bb form_field_font=\u00bbMontserrat||||\u00bb form_field_text_color=\u00bb#353740&#8243; form_field_font_size=\u00bb16px\u00bb custom_button=\u00bbon\u00bb button_text_color=\u00bb#353740&#8243; button_border_width=\u00bb5px\u00bb button_border_color=\u00bb#353740&#8243; button_border_radius=\u00bb100px\u00bb button_letter_spacing=\u00bb2px\u00bb button_font=\u00bbMontserrat|on||on|\u00bb button_icon=\u00bb%%36%%\u00bb button_icon_color=\u00bb#353740&#8243; box_shadow_style=\u00bbpreset7&#8243; box_shadow_horizontal=\u00bb0px\u00bb box_shadow_vertical=\u00bb-1px\u00bb box_shadow_color=\u00bbrgba(0,0,0,0.18)\u00bb max_width=\u00bb800px\u00bb module_alignment=\u00bbcenter\u00bb animation_style=\u00bbfade\u00bb button_bg_color_hover=\u00bbrgba(0,0,0,0)\u00bb button_letter_spacing_hover=\u00bb2px\u00bb][et_pb_contact_field field_id=\u00bbNombre\u00bb field_title=\u00bbNombre\u00bb fullwidth_field=\u00bbon\u00bb _builder_version=\u00bb3.16&#8243; border_radii=\u00bbon||||\u00bb button_text_size__hover_enabled=\u00bboff\u00bb button_one_text_size__hover_enabled=\u00bboff\u00bb button_two_text_size__hover_enabled=\u00bboff\u00bb button_text_color__hover_enabled=\u00bboff\u00bb button_one_text_color__hover_enabled=\u00bboff\u00bb button_two_text_color__hover_enabled=\u00bboff\u00bb button_border_width__hover_enabled=\u00bboff\u00bb button_one_border_width__hover_enabled=\u00bboff\u00bb button_two_border_width__hover_enabled=\u00bboff\u00bb button_border_color__hover_enabled=\u00bboff\u00bb button_one_border_color__hover_enabled=\u00bboff\u00bb button_two_border_color__hover_enabled=\u00bboff\u00bb button_border_radius__hover_enabled=\u00bboff\u00bb button_one_border_radius__hover_enabled=\u00bboff\u00bb button_two_border_radius__hover_enabled=\u00bboff\u00bb button_letter_spacing__hover_enabled=\u00bboff\u00bb button_one_letter_spacing__hover_enabled=\u00bboff\u00bb button_two_letter_spacing__hover_enabled=\u00bboff\u00bb button_bg_color__hover_enabled=\u00bboff\u00bb button_one_bg_color__hover_enabled=\u00bboff\u00bb button_two_bg_color__hover_enabled=\u00bboff\u00bb][\/et_pb_contact_field][et_pb_contact_field field_id=\u00bbCorreo\u00bb field_title=\u00bbCorreo electr\u00f3nico\u00bb field_type=\u00bbemail\u00bb fullwidth_field=\u00bbon\u00bb _builder_version=\u00bb3.16&#8243; border_radii=\u00bbon||||\u00bb button_text_size__hover_enabled=\u00bboff\u00bb button_one_text_size__hover_enabled=\u00bboff\u00bb button_two_text_size__hover_enabled=\u00bboff\u00bb button_text_color__hover_enabled=\u00bboff\u00bb button_one_text_color__hover_enabled=\u00bboff\u00bb button_two_text_color__hover_enabled=\u00bboff\u00bb button_border_width__hover_enabled=\u00bboff\u00bb button_one_border_width__hover_enabled=\u00bboff\u00bb button_two_border_width__hover_enabled=\u00bboff\u00bb button_border_color__hover_enabled=\u00bboff\u00bb button_one_border_color__hover_enabled=\u00bboff\u00bb button_two_border_color__hover_enabled=\u00bboff\u00bb button_border_radius__hover_enabled=\u00bboff\u00bb button_one_border_radius__hover_enabled=\u00bboff\u00bb button_two_border_radius__hover_enabled=\u00bboff\u00bb button_letter_spacing__hover_enabled=\u00bboff\u00bb button_one_letter_spacing__hover_enabled=\u00bboff\u00bb button_two_letter_spacing__hover_enabled=\u00bboff\u00bb button_bg_color__hover_enabled=\u00bboff\u00bb button_one_bg_color__hover_enabled=\u00bboff\u00bb button_two_bg_color__hover_enabled=\u00bboff\u00bb][\/et_pb_contact_field][et_pb_contact_field field_id=\u00bbMensaje\u00bb field_title=\u00bbMensaje\u00bb field_type=\u00bbtext\u00bb fullwidth_field=\u00bbon\u00bb _builder_version=\u00bb3.16&#8243; border_radii=\u00bbon||||\u00bb custom_margin=\u00bb||60px|\u00bb custom_padding=\u00bb|||\u00bb button_text_size__hover_enabled=\u00bboff\u00bb button_one_text_size__hover_enabled=\u00bboff\u00bb button_two_text_size__hover_enabled=\u00bboff\u00bb button_text_color__hover_enabled=\u00bboff\u00bb button_one_text_color__hover_enabled=\u00bboff\u00bb button_two_text_color__hover_enabled=\u00bboff\u00bb button_border_width__hover_enabled=\u00bboff\u00bb button_one_border_width__hover_enabled=\u00bboff\u00bb button_two_border_width__hover_enabled=\u00bboff\u00bb button_border_color__hover_enabled=\u00bboff\u00bb button_one_border_color__hover_enabled=\u00bboff\u00bb button_two_border_color__hover_enabled=\u00bboff\u00bb button_border_radius__hover_enabled=\u00bboff\u00bb button_one_border_radius__hover_enabled=\u00bboff\u00bb button_two_border_radius__hover_enabled=\u00bboff\u00bb button_letter_spacing__hover_enabled=\u00bboff\u00bb button_one_letter_spacing__hover_enabled=\u00bboff\u00bb button_two_letter_spacing__hover_enabled=\u00bboff\u00bb button_bg_color__hover_enabled=\u00bboff\u00bb button_one_bg_color__hover_enabled=\u00bboff\u00bb button_two_bg_color__hover_enabled=\u00bboff\u00bb][\/et_pb_contact_field][\/et_pb_contact_form][et_pb_social_media_follow url_new_window=\u00bboff\u00bb _builder_version=\u00bb3.9&#8243; text_orientation=\u00bbcenter\u00bb][et_pb_social_media_follow_network social_network=\u00bbfacebook\u00bb url=\u00bbhttps:\/\/www.facebook.com\/alceve\u00bb _builder_version=\u00bb3.9&#8243; background_color=\u00bb#3b5998&#8243; follow_button=\u00bboff\u00bb url_new_window=\u00bboff\u00bb]Facebook\r[\/et_pb_social_media_follow_network][et_pb_social_media_follow_network social_network=\u00bbinstagram\u00bb url=\u00bbhttps:\/\/www.instagram.com\/alceve13\/\u00bb _builder_version=\u00bb3.9&#8243; background_color=\u00bb#ea2c59&#8243; follow_button=\u00bboff\u00bb url_new_window=\u00bboff\u00bb]Instagram\r[\/et_pb_social_media_follow_network][et_pb_social_media_follow_network social_network=\u00bblinkedin\u00bb url=\u00bbhttps:\/\/es.linkedin.com\/company\/alceva\u00bb _builder_version=\u00bb3.9&#8243; background_color=\u00bb#007bb6&#8243; follow_button=\u00bboff\u00bb url_new_window=\u00bboff\u00bb]LinkedIn\r[\/et_pb_social_media_follow_network][et_pb_social_media_follow_network social_network=\u00bbtwitter\u00bb url=\u00bbhttps:\/\/twitter.com\/alceve\u00bb _builder_version=\u00bb3.9&#8243; background_color=\u00bb#00aced\u00bb follow_button=\u00bboff\u00bb url_new_window=\u00bboff\u00bb]Twitter\r[\/et_pb_social_media_follow_network][et_pb_social_media_follow_network social_network=\u00bbyoutube\u00bb url=\u00bbhttps:\/\/www.youtube.com\/channel\/UCLfl7tI1kEiUMyJCAoildZA\u00bb _builder_version=\u00bb3.9&#8243; background_color=\u00bb#a82400&#8243; follow_button=\u00bboff\u00bb url_new_window=\u00bboff\u00bb]Youtube\r[\/et_pb_social_media_follow_network][et_pb_social_media_follow_network social_network=\u00bbdribbble\u00bb url=\u00bbhttps:\/\/alceve.blogspot.com\/\u00bb _builder_version=\u00bb3.9&#8243; background_color=\u00bb#ea4c8d\u00bb follow_button=\u00bboff\u00bb url_new_window=\u00bboff\u00bb]dribbble\r[\/et_pb_social_media_follow_network][\/et_pb_social_media_follow][\/et_pb_column][\/et_pb_row][\/et_pb_section]\n","protected":false},"excerpt":{"rendered":"<p>Dicta capacitaciones en forma personalizada y grupal en modalidades: Presencial On Line 011. Coaching Empresarial 2. Liderazgo 3. Comportamiento Organizacional 4. Estrategias de Ventas y Post Venta 5. Servicio, Atenci\u00f3n al Cliente y Cobranzas 6. Estrategias de Marketing a Productos y Servicios 7. BPM Buenas Pr\u00e1cticas Manufactureras 8. Log\u00edstica (Supply Chains) 9. Plan de Negocios [&hellip;]<\/p>\n","protected":false},"author":1,"featured_media":0,"parent":0,"menu_order":0,"comment_status":"closed","ping_status":"closed","template":"","meta":{"_et_pb_use_builder":"on","_et_pb_old_content":"","_et_gb_content_width":"","footnotes":""},"class_list":["post-215","page","type-page","status-publish","hentry"],"_links":{"self":[{"href":"https:\/\/alceve.com\/index.php?rest_route=\/wp\/v2\/pages\/215","targetHints":{"allow":["GET"]}}],"collection":[{"href":"https:\/\/alceve.com\/index.php?rest_route=\/wp\/v2\/pages"}],"about":[{"href":"https:\/\/alceve.com\/index.php?rest_route=\/wp\/v2\/types\/page"}],"author":[{"embeddable":true,"href":"https:\/\/alceve.com\/index.php?rest_route=\/wp\/v2\/users\/1"}],"replies":[{"embeddable":true,"href":"https:\/\/alceve.com\/index.php?rest_route=%2Fwp%2Fv2%2Fcomments&post=215"}],"version-history":[{"count":76,"href":"https:\/\/alceve.com\/index.php?rest_route=\/wp\/v2\/pages\/215\/revisions"}],"predecessor-version":[{"id":1930,"href":"https:\/\/alceve.com\/index.php?rest_route=\/wp\/v2\/pages\/215\/revisions\/1930"}],"wp:attachment":[{"href":"https:\/\/alceve.com\/index.php?rest_route=%2Fwp%2Fv2%2Fmedia&parent=215"}],"curies":[{"name":"wp","href":"https:\/\/api.w.org\/{rel}","templated":true}]}}